{"id":19698,"date":"2024-09-07T20:15:14","date_gmt":"2024-09-07T20:15:14","guid":{"rendered":"https:\/\/hamilton-rent.fr\/?post_type=product&#038;p=19698"},"modified":"2024-09-09T20:50:58","modified_gmt":"2024-09-09T20:50:58","slug":"homey-1-br-w-burj-khalifa-view","status":"publish","type":"product","link":"https:\/\/hamilton-rent.fr\/fr\/rent\/homey-1-br-w-burj-khalifa-view\/","title":{"rendered":"1 BR avec vue sur Burj Khalifa"},"content":{"rendered":"<p>Pr\u00e9parez-vous \u00e0 s\u00e9journer dans un appartement confortable et paisible d'une chambre \u00e0 coucher tout en profitant de la vie citadine ! Le Burj Khalifa, le Dubai Mall et l'Op\u00e9ra de Duba\u00ef sont facilement accessibles pour vous divertir.<br \/>\nCet endroit convient aux amis, aux couples ou m\u00eame aux familles, car un canap\u00e9-lit est pr\u00e9vu pour accueillir plus de personnes.<br \/>\nL'immeuble est \u00e9quip\u00e9 de diff\u00e9rentes installations, telles qu'une salle de sport spacieuse, un sauna, un hammam, et une magnifique piscine surplombant le Burj avec un si\u00e8ge en contrebas ! Et un supermarch\u00e9 en dessous.<\/p>\n<p>&nbsp;<\/p>","protected":false},"excerpt":{"rendered":"Get ready to stay at a cozy, peaceful, 1 Bedroom apartment while enjoying the city life! With Burj Khalifa, Dubai Mall, and the Dubai Opera being easily accessible for your entertainment. This place is suitable for friends, couples, or even families as a sofa bed is provided for more guests. The building is equipped with&#8230;","protected":false},"featured_media":19996,"comment_status":"closed","ping_status":"closed","template":"","meta":{"_acf_changed":false},"product_brand":[],"product_cat":[171],"product_tag":[],"class_list":{"0":"post-19698","1":"product","2":"type-product","3":"status-publish","4":"has-post-thumbnail","6":"product_format-product-format-rental","7":"product_cat-rental","9":"first","10":"instock","11":"shipping-taxable","12":"product-type-simple"},"acf":[],"_links":{"self":[{"href":"https:\/\/hamilton-rent.fr\/fr\/wp-json\/wp\/v2\/product\/19698","targetHints":{"allow":["GET"]}}],"collection":[{"href":"https:\/\/hamilton-rent.fr\/fr\/wp-json\/wp\/v2\/product"}],"about":[{"href":"https:\/\/hamilton-rent.fr\/fr\/wp-json\/wp\/v2\/types\/product"}],"replies":[{"embeddable":true,"href":"https:\/\/hamilton-rent.fr\/fr\/wp-json\/wp\/v2\/comments?post=19698"}],"wp:featuredmedia":[{"embeddable":true,"href":"https:\/\/hamilton-rent.fr\/fr\/wp-json\/wp\/v2\/media\/19996"}],"wp:attachment":[{"href":"https:\/\/hamilton-rent.fr\/fr\/wp-json\/wp\/v2\/media?parent=19698"}],"wp:term":[{"taxonomy":"product_brand","embeddable":true,"href":"https:\/\/hamilton-rent.fr\/fr\/wp-json\/wp\/v2\/product_brand?post=19698"},{"taxonomy":"product_cat","embeddable":true,"href":"https:\/\/hamilton-rent.fr\/fr\/wp-json\/wp\/v2\/product_cat?post=19698"},{"taxonomy":"product_tag","embeddable":true,"href":"https:\/\/hamilton-rent.fr\/fr\/wp-json\/wp\/v2\/product_tag?post=19698"}],"curies":[{"name":"wp","href":"https:\/\/api.w.org\/{rel}","templated":true}]}}