{"id":14653,"date":"2024-05-28T10:47:48","date_gmt":"2024-05-28T10:47:48","guid":{"rendered":"https:\/\/hamilton-rent.fr\/?page_id=14653"},"modified":"2024-09-13T09:53:21","modified_gmt":"2024-09-13T09:53:21","slug":"about-us","status":"publish","type":"page","link":"https:\/\/hamilton-rent.fr\/fr\/about-us\/","title":{"rendered":"about us"},"content":{"rendered":"<div data-elementor-type=\"wp-page\" data-elementor-id=\"14653\" class=\"elementor elementor-14653\" data-elementor-post-type=\"page\">\n\t\t\t\t\t\t<div class=\"elementor-section elementor-top-section elementor-element elementor-element-c9fc15a elementor-section-full_width hero-block hero-v4 bg-img-hero-bottom text-center z-index-2 elementor-reverse-tablet elementor-reverse-mobile elementor-section-height-default elementor-section-height-default\" data-id=\"c9fc15a\" data-element_type=\"section\" data-settings=\"{&quot;background_background&quot;:&quot;classic&quot;}\">\n\t\t\t\t\t\t\t<div class=\"elementor-background-overlay\"><\/div>\n\t\t\t\t\t\t\t<div class=\"elementor-container elementor-column-gap-default container pb-17\">\n\t\t\t\t\t<div class=\"elementor-column elementor-col-100 elementor-top-column elementor-element elementor-element-0df1584\" data-id=\"0df1584\" data-element_type=\"column\">\n\t\t\t<div class=\"elementor-widget-wrap\">\n\t\t\t\t\t\t\t<\/div>\n\t\t<\/div>\n\t\t\t\t\t<\/div>\n\t\t<\/div>\n\t\t\t\t<div class=\"elementor-section elementor-top-section elementor-element elementor-element-52ddff5 slider border-color-3 elementor-section-full_width elementor-section-height-default elementor-section-height-default\" data-id=\"52ddff5\" data-element_type=\"section\">\n\t\t\t\t\t\t<div class=\"elementor-container elementor-column-gap-default container space-1\">\n\t\t\t\t\t<div class=\"elementor-column elementor-col-100 elementor-top-column elementor-element elementor-element-9139e6a\" data-id=\"9139e6a\" data-element_type=\"column\">\n\t\t\t<div class=\"p-0 elementor-widget-wrap elementor-element-populated\">\n\t\t\t\t\t\t<div class=\"elementor-element elementor-element-13a353a w-md-80 w-lg-70 text-center mx-md-auto mb-5 mt-3 elementor-widget elementor-widget-highlighted-heading\" data-id=\"13a353a\" data-element_type=\"widget\" data-widget_type=\"highlighted-heading.default\">\n\t\t\t\t<div class=\"elementor-widget-container\">\n\t\t\t<h2 class=\"mytravel-elementor-highlighted-heading__title section-title text-black font-size-xs-28 font-weight-bold mb-0\">A propos de nous<\/h2>\t\t<\/div>\n\t\t\t\t<\/div>\n\t\t\t\t<div class=\"elementor-section elementor-inner-section elementor-element elementor-element-e1cd54c elementor-section-full_width w-lg-80 mx-auto mb-4 elementor-section-height-default elementor-section-height-default\" data-id=\"e1cd54c\" data-element_type=\"section\">\n\t\t\t\t\t\t<div class=\"elementor-container elementor-column-gap-default row row-margin\">\n\t\t\t\t\t<div class=\"elementor-column elementor-col-50 elementor-inner-column elementor-element elementor-element-2142c5a col-md-6\" data-id=\"2142c5a\" data-element_type=\"column\">\n\t\t\t<div class=\"p-0 elementor-widget-wrap elementor-element-populated\">\n\t\t\t\t\t\t<div class=\"elementor-element elementor-element-4512b90 mb-0 elementor-widget elementor-widget-highlighted-heading\" data-id=\"4512b90\" data-element_type=\"widget\" data-widget_type=\"highlighted-heading.default\">\n\t\t\t\t<div class=\"elementor-widget-container\">\n\t\t\t<h2 class=\"mytravel-elementor-highlighted-heading__title font-size-21 font-weight-bold text-center text-md-left\"><span class=\"mytravel-elementor-highlighted-heading__highlighted-text mb-0\">Welcome to HAMILTON T&amp;B SAS<\/span><\/h2>\t\t<\/div>\n\t\t\t\t<\/div>\n\t\t\t\t<div class=\"elementor-element elementor-element-cb4bcf5 elementor-widget elementor-widget-highlighted-heading\" data-id=\"cb4bcf5\" data-element_type=\"widget\" data-widget_type=\"highlighted-heading.default\">\n\t\t\t\t<div class=\"elementor-widget-container\">\n\t\t\t<p class=\"mytravel-elementor-highlighted-heading__title\"><span class=\"mytravel-elementor-highlighted-heading__highlighted-text text-gray-1\">Nich\u00e9 entre la c\u00f4te atlantique et les majestueuses montagnes de l'Atlas, le HAMILTON Agadir b\u00e9n\u00e9ficie d'un emplacement strat\u00e9gique id\u00e9al pour explorer la r\u00e9gion de Souss-Massa-Dr\u00e2a. Que vous aimiez la plage, les march\u00e9s anim\u00e9s, les sites historiques ou les aventures dans le d\u00e9sert, notre h\u00f4tel vous permet d'acc\u00e9der facilement \u00e0 tout cela. \u00c0 seulement 40 minutes de l'a\u00e9roport d'Agadir, notre \u00e9tablissement vous accueille avec un parking gratuit sur place pour un s\u00e9jour sans tracas \u00e0 votre arriv\u00e9e.<\/span><\/p>\t\t<\/div>\n\t\t\t\t<\/div>\n\t\t\t\t\t<\/div>\n\t\t<\/div>\n\t\t\t\t<div class=\"elementor-column elementor-col-50 elementor-inner-column elementor-element elementor-element-41c8d39 col-md-6\" data-id=\"41c8d39\" data-element_type=\"column\">\n\t\t\t<div class=\"p-0 elementor-widget-wrap elementor-element-populated\">\n\t\t\t\t\t\t<div class=\"elementor-element elementor-element-ed7a84c mb-0 elementor-widget elementor-widget-highlighted-heading\" data-id=\"ed7a84c\" data-element_type=\"widget\" data-widget_type=\"highlighted-heading.default\">\n\t\t\t\t<div class=\"elementor-widget-container\">\n\t\t\t<h2 class=\"mytravel-elementor-highlighted-heading__title font-size-21 font-weight-bold text-center text-md-left\">Confort ultime et exp\u00e9rience de s\u00e9jour exceptionnelle<span class=\"mytravel-elementor-highlighted-heading__highlighted-text\">Our mission<\/span><\/h2>\t\t<\/div>\n\t\t\t\t<\/div>\n\t\t\t\t<div class=\"elementor-element elementor-element-ed6c228 elementor-widget elementor-widget-highlighted-heading\" data-id=\"ed6c228\" data-element_type=\"widget\" data-widget_type=\"highlighted-heading.default\">\n\t\t\t\t<div class=\"elementor-widget-container\">\n\t\t\t<p class=\"mytravel-elementor-highlighted-heading__title mb-0\"><span class=\"mytravel-elementor-highlighted-heading__highlighted-text text-gray-1\">Nos chambres sont con\u00e7ues pour un confort ultime, avec la climatisation, un d\u00e9cor moderne et des vues magnifiques depuis le balcon ou un acc\u00e8s direct \u00e0 la piscine. Restez connect\u00e9 gr\u00e2ce \u00e0 la connexion Wi-Fi gratuite disponible dans tout l'\u00e9tablissement. D\u00e9couvrez une exp\u00e9rience de s\u00e9jour exceptionnelle au HAMILTON Agadir, o\u00f9 chaque instant est synonyme de d\u00e9tente et d'exploration.<\/span><\/p>\t\t<\/div>\n\t\t\t\t<\/div>\n\t\t\t\t\t<\/div>\n\t\t<\/div>\n\t\t\t\t\t<\/div>\n\t\t<\/div>\n\t\t\t\t\t<\/div>\n\t\t<\/div>\n\t\t\t\t\t<\/div>\n\t\t<\/div>\n\t\t\t\t<\/div>","protected":false},"excerpt":{"rendered":"About us Welcome to HAMILTON T&amp;B SAS Nestled between the Atlantic coast and the majestic Atlas Mountains, HAMILTON Agadir boasts a strategic location perfect for exploring the Souss-Massa-Dr\u00e2a region. Whether you&#8217;re a beach lover, enjoy bustling markets, historical sites, or desert adventures, our hotel provides easy access to it all. Just 40 minutes from Agadir&#8230;","protected":false},"author":1,"featured_media":0,"parent":0,"menu_order":0,"comment_status":"closed","ping_status":"closed","template":"elementor_header_footer","meta":{"_acf_changed":false,"footnotes":""},"class_list":["post-14653","page","type-page","status-publish","hentry"],"acf":[],"_links":{"self":[{"href":"https:\/\/hamilton-rent.fr\/fr\/wp-json\/wp\/v2\/pages\/14653","targetHints":{"allow":["GET"]}}],"collection":[{"href":"https:\/\/hamilton-rent.fr\/fr\/wp-json\/wp\/v2\/pages"}],"about":[{"href":"https:\/\/hamilton-rent.fr\/fr\/wp-json\/wp\/v2\/types\/page"}],"author":[{"embeddable":true,"href":"https:\/\/hamilton-rent.fr\/fr\/wp-json\/wp\/v2\/users\/1"}],"replies":[{"embeddable":true,"href":"https:\/\/hamilton-rent.fr\/fr\/wp-json\/wp\/v2\/comments?post=14653"}],"version-history":[{"count":6,"href":"https:\/\/hamilton-rent.fr\/fr\/wp-json\/wp\/v2\/pages\/14653\/revisions"}],"predecessor-version":[{"id":20219,"href":"https:\/\/hamilton-rent.fr\/fr\/wp-json\/wp\/v2\/pages\/14653\/revisions\/20219"}],"wp:attachment":[{"href":"https:\/\/hamilton-rent.fr\/fr\/wp-json\/wp\/v2\/media?parent=14653"}],"curies":[{"name":"wp","href":"https:\/\/api.w.org\/{rel}","templated":true}]}}